{"id":415,"date":"2025-03-03T12:23:09","date_gmt":"2025-03-03T10:23:09","guid":{"rendered":"http:\/\/agile-augenhoehe.de\/?page_id=415"},"modified":"2025-06-04T15:59:47","modified_gmt":"2025-06-04T13:59:47","slug":"ets","status":"publish","type":"page","link":"https:\/\/agile-augenhoehe.de\/en\/success-stories\/ets\/","title":{"rendered":"ETS"},"content":{"rendered":"<p>[et_pb_section fb_built=&#8220;1&#8243; next_background_color=&#8220;#F8E906&#8243; _builder_version=&#8220;4.27.4&#8243; _module_preset=&#8220;default&#8220; use_background_color_gradient=&#8220;on&#8220; background_color_gradient_stops=&#8220;rgba(2,55,82,0.85) 0%|rgba(2,55,82,0.85) 100%&#8220; background_color_gradient_overlays_image=&#8220;on&#8220; background_image=&#8220;http:\/\/agile-augenhoehe.de\/wp-content\/uploads\/2025\/03\/shridhar-thorat-6AKLKt-KmdY-unsplash.jpg&#8220; custom_padding=&#8220;||100px||false|false&#8220; bottom_divider_style=&#8220;arrow&#8220; bottom_divider_height=&#8220;65px&#8220; global_colors_info=&#8220;{%22gcid-cc8d1764-0684-429d-aa7c-4c85c49fdbfd%22:%91%22background_color%22,%22background_color%22,%22background_color%22,%22background_color%22%93}&#8220;][et_pb_row column_structure=&#8220;1_3,2_3&#8243; _builder_version=&#8220;4.27.4&#8243; _module_preset=&#8220;default&#8220; custom_padding=&#8220;||||false|false&#8220; border_color_bottom=&#8220;#F8E906&#8243; locked=&#8220;off&#8220; global_colors_info=&#8220;{}&#8220;][et_pb_column type=&#8220;1_3&#8243; _builder_version=&#8220;4.27.4&#8243; _module_preset=&#8220;default&#8220; global_colors_info=&#8220;{}&#8220;][et_pb_image src=&#8220;https:\/\/agile-augenhoehe.de\/wp-content\/uploads\/2025\/05\/ETS_Logo-1.jpg&#8220; title_text=&#8220;ETS_Logo&#8220; force_fullwidth=&#8220;on&#8220; _builder_version=&#8220;4.27.4&#8243; _module_preset=&#8220;default&#8220; border_radii=&#8220;on|2em|2em|2em|2em&#8220; box_shadow_style=&#8220;preset4&#8243; box_shadow_color=&#8220;#F8E906&#8243; global_colors_info=&#8220;{}&#8220;][\/et_pb_image][\/et_pb_column][et_pb_column type=&#8220;2_3&#8243; _builder_version=&#8220;4.27.4&#8243; _module_preset=&#8220;default&#8220; global_colors_info=&#8220;{}&#8220;][et_pb_blurb image=&#8220;http:\/\/agile-augenhoehe.de\/wp-content\/uploads\/2025\/05\/Testimonial_Frank-Spliethofe.jpg&#8220; icon_placement=&#8220;left&#8220; image_icon_width=&#8220;125px&#8220; content_max_width=&#8220;900px&#8220; icon_placement_tablet=&#8220;left&#8220; icon_placement_phone=&#8220;top&#8220; icon_placement_last_edited=&#8220;on|phone&#8220; _builder_version=&#8220;4.27.4&#8243; _module_preset=&#8220;default&#8220; header_font=&#8220;||||||||&#8220; header_text_color=&#8220;#F8E906&#8243; body_font=&#8220;||||||||&#8220; body_text_color=&#8220;#FFFFFF&#8220; body_font_size=&#8220;17px&#8220; image_icon_custom_margin=&#8220;||||false|false&#8220; image_icon_custom_padding=&#8220;||||false|false&#8220; custom_margin=&#8220;||||true|false&#8220; custom_css_main_element=&#8220;h4 {||  color: #f8e906;||}&#8220; border_radii_image=&#8220;on|50%|50%|50%|50%&#8220; box_shadow_style_image=&#8220;preset1&#8243; box_shadow_vertical_image=&#8220;5px&#8220; box_shadow_blur_image=&#8220;15px&#8220; box_shadow_color_image=&#8220;rgba(0,0,0,0.16)&#8220; locked=&#8220;off&#8220; global_colors_info=&#8220;{}&#8220;]<\/p>\n<h4>&#8222;Jens hat es verstanden, eine offene und konstruktive Atmosph\u00e4re zu schaffen, in der sich alle aktiv einbringen konnten.&#8220;<\/h4>\n<p><strong>Frank Spliethofe<\/strong> | Gesch\u00e4ftsf\u00fchrer ETS GmbH &amp; Co. KG<\/p>\n<p>[\/et_pb_blurb][\/et_pb_column][\/et_pb_row][et_pb_row column_structure=&#8220;1_3,2_3&#8243; use_custom_gutter=&#8220;on&#8220; gutter_width=&#8220;2&#8243; make_equal=&#8220;on&#8220; _builder_version=&#8220;4.27.4&#8243; _module_preset=&#8220;default&#8220; custom_padding=&#8220;||||false|false&#8220; border_color_bottom=&#8220;#F8E906&#8243; global_colors_info=&#8220;{}&#8220;][et_pb_column type=&#8220;1_3&#8243; _builder_version=&#8220;4.27.4&#8243; _module_preset=&#8220;default&#8220; border_width_right=&#8220;3px&#8220; border_color_right=&#8220;#F8E906&#8243; border_color_bottom=&#8220;#F8E906&#8243; border_width_right_tablet=&#8220;0px&#8220; border_width_right_phone=&#8220;0px&#8220; border_width_right_last_edited=&#8220;on|tablet&#8220; border_width_bottom_tablet=&#8220;3px&#8220; border_width_bottom_phone=&#8220;3px&#8220; border_width_bottom_last_edited=&#8220;on|tablet&#8220; global_colors_info=&#8220;{}&#8220;][et_pb_text _builder_version=&#8220;4.27.4&#8243; _module_preset=&#8220;default&#8220; text_text_color=&#8220;#FFFFFF&#8220; text_font_size=&#8220;17px&#8220; header_2_text_color=&#8220;#F8E906&#8243; header_3_text_color=&#8220;#F8E906&#8243; header_4_text_color=&#8220;#FFFFFF&#8220; module_alignment=&#8220;left&#8220; custom_margin=&#8220;||||false|false&#8220; custom_padding=&#8220;||||false|false&#8220; locked=&#8220;off&#8220; global_colors_info=&#8220;{}&#8220;]<\/p>\n<h3>ETS GmbH &amp; Co. KG<\/h3>\n<h4>Success Story<\/h4>\n<p>[\/et_pb_text][\/et_pb_column][et_pb_column type=&#8220;2_3&#8243; _builder_version=&#8220;4.27.4&#8243; _module_preset=&#8220;default&#8220; global_colors_info=&#8220;{}&#8220;][et_pb_text _builder_version=&#8220;4.27.4&#8243; _module_preset=&#8220;default&#8220; text_text_color=&#8220;#FFFFFF&#8220; text_font_size=&#8220;17px&#8220; header_2_text_color=&#8220;#F8E906&#8243; header_3_text_color=&#8220;#FFFFFF&#8220; header_4_text_color=&#8220;#F8E906&#8243; locked=&#8220;off&#8220; global_colors_info=&#8220;{}&#8220;]<\/p>\n<p><span data-contrast=\"auto\">Als Spezialist f\u00fcr Erd- und Tiefbauarbeiten legen wir gro\u00dfen Wert auf eine reibungslose und pr\u00e4zise Zusammenarbeit im Team. In unserem Arbeitsumfeld sind schnelle Entscheidungen und klare Abstimmungen zwischen F\u00fchrungskr\u00e4ften und Mitarbeitenden von entscheidender Bedeutung. Doch genau hier hatten wir das Gef\u00fchl, dass es an Struktur und Klarheit mangelte. Rollen und Verantwortlichkeiten waren nicht immer eindeutig, was zu Verz\u00f6gerungen in den Abl\u00e4ufen und Unstimmigkeiten im Team f\u00fchrte. Die Herausforderung bestand darin, ein effizienteres System zu schaffen, das uns erlaubt, unsere internen Abl\u00e4ufe und die Kommunikation im Arbeitsalltag deutlich zu verbessern.<\/span><span data-ccp-props=\"{&quot;335559739&quot;:240}\">\u00a0<\/span><\/p>\n<p><span data-contrast=\"auto\">Dank des praxisorientierten Team-Canvas Workshops, den Jens Hemersch mit unserem F\u00fchrungsteam durchgef\u00fchrt hat, konnten wir diese Herausforderungen erfolgreich angehen. In enger Zusammenarbeit haben wir klare Rollen, Ziele und Werte f\u00fcr das gesamte Team definiert und konkrete Ma\u00dfnahmen erarbeitet, um unsere Prozesse zu optimieren. Die Ergebnisse sprechen f\u00fcr sich: Unsere Abl\u00e4ufe sind heute deutlich strukturierter und effizienter, und die Kommunikation zwischen F\u00fchrungskr\u00e4ften und Mitarbeitenden hat sich sp\u00fcrbar verbessert. Dank der neuen Struktur k\u00f6nnen wir nun schneller und pr\u00e4ziser auf Herausforderungen reagieren, was in unserem Gesch\u00e4ft von unsch\u00e4tzbarem Wert ist.<\/span><span data-ccp-props=\"{&quot;335559738&quot;:240,&quot;335559739&quot;:240}\">\u00a0<\/span><\/p>\n<p><span data-contrast=\"auto\">Jens Hemersch schaffte es, eine offene und konstruktive Atmosph\u00e4re im Workshop zu etablieren, in der sich alle Teammitglieder aktiv einbringen konnten. Seine praxisnahen Ans\u00e4tze und seine F\u00e4higkeit, komplexe Themen verst\u00e4ndlich zu vermitteln, haben ma\u00dfgeblich dazu beigetragen, dass die erarbeiteten L\u00f6sungen sofort in den Arbeitsalltag integriert werden konnten. Durch seine Unterst\u00fctzung wurden unsere Teamarbeit und unsere internen Abl\u00e4ufe nachhaltig gest\u00e4rkt. Besonders bemerkenswert war seine F\u00e4higkeit, sowohl die F\u00fchrungskr\u00e4fte als auch die Mitarbeitenden auf eine gemeinsame Vision und eine klar strukturierte Vorgehensweise auszurichten. Wir profitieren seitdem t\u00e4glich von effizienteren Prozessen, einer verbesserten Zusammenarbeit und einer insgesamt harmonischeren Arbeitskultur.<\/span><span data-ccp-props=\"{&quot;335559738&quot;:240,&quot;335559739&quot;:240}\">\u00a0<\/span><\/p>\n<p><span data-contrast=\"auto\">Aus diesen Gr\u00fcnden k\u00f6nnen wir Jens Hemersch uneingeschr\u00e4nkt als Berater empfehlen. Seine Expertise und praxisorientierte Herangehensweise haben uns nicht nur kurzfristig geholfen, sondern auch die Grundlage f\u00fcr langfristige Verbesserungen gelegt. Wenn Sie nach einem Berater suchen, der Ihnen dabei hilft, klare Strukturen zu schaffen, die Effizienz zu steigern und Ihr Team nachhaltig zu st\u00e4rken, dann sind Sie bei Jens Hemersch in den besten H\u00e4nden.<\/span><span data-ccp-props=\"{&quot;335559738&quot;:240,&quot;335559739&quot;:240}\">\u00a0<\/span><\/p>\n<p>[\/et_pb_text][\/et_pb_column][\/et_pb_row][\/et_pb_section][et_pb_section fb_built=&#8220;1&#8243; _builder_version=&#8220;4.27.4&#8243; _module_preset=&#8220;default&#8220; background_color=&#8220;#F8E906&#8243; top_divider_color=&#8220;#FFFFFF&#8220; top_divider_height=&#8220;65px&#8220; global_module=&#8220;1976&#8243; saved_tabs=&#8220;all&#8220; global_colors_info=&#8220;{}&#8220;][et_pb_row module_id=&#8220;erstgespraech&#8220; _builder_version=&#8220;4.27.4&#8243; _module_preset=&#8220;default&#8220; max_width=&#8220;900px&#8220; custom_margin=&#8220;||||false|false&#8220; locked=&#8220;off&#8220; global_colors_info=&#8220;{}&#8220;][et_pb_column type=&#8220;4_4&#8243; _builder_version=&#8220;4.27.4&#8243; _module_preset=&#8220;default&#8220; global_colors_info=&#8220;{}&#8220;][et_pb_text _builder_version=&#8220;4.27.4&#8243; _module_preset=&#8220;default&#8220; text_text_color=&#8220;#FFFFFF&#8220; text_font_size=&#8220;20px&#8220; header_3_text_color=&#8220;#000000&#8243; header_4_text_color=&#8220;#000000&#8243; text_orientation=&#8220;center&#8220; locked=&#8220;off&#8220; global_colors_info=&#8220;{%22gcid-cc8d1764-0684-429d-aa7c-4c85c49fdbfd%22:%91%22header_2_text_color%22,%22header_2_text_color%22%93,%22gcid-a867cdd2-db06-45fd-99b6-315ff30a94aa%22:%91%22header_2_text_color%22%93}&#8220;]<\/p>\n<h2>Kennenlerngespr\u00e4ch<\/h2>\n<h4>15 Minuten gegenseitiges kennenlernen &#8211; dann weitersehen<\/h4>\n<p>[\/et_pb_text][et_pb_code module_class=&#8220;iframe-pipedrive&#8220; _builder_version=&#8220;4.27.4&#8243; _module_preset=&#8220;default&#8220; global_colors_info=&#8220;{}&#8220;]<iframe src=https:\/\/agileaugenhoehe.pipedrive.com\/scheduler\/DPAaZqH6\/erstgesprach title=\"Pipedrive Scheduler Embed\" frameborder=\"0\" height=\"800px\" width=\"100%\" style=\"max-width: 800px margin: 0 auto\" allowfullscreen><\/iframe>[\/et_pb_code][\/et_pb_column][\/et_pb_row][\/et_pb_section][et_pb_section fb_built=&#8220;1&#8243; _builder_version=&#8220;4.27.4&#8243; _module_preset=&#8220;default&#8220; background_color=&#8220;#023752&#8243; custom_padding=&#8220;25px||25px||true|false&#8220; global_module=&#8220;550&#8243; saved_tabs=&#8220;all&#8220; global_colors_info=&#8220;{}&#8220;][et_pb_row _builder_version=&#8220;4.27.4&#8243; _module_preset=&#8220;default&#8220; custom_margin=&#8220;0px||||false|false&#8220; global_colors_info=&#8220;{}&#8220;][et_pb_column type=&#8220;4_4&#8243; _builder_version=&#8220;4.27.4&#8243; _module_preset=&#8220;default&#8220; global_colors_info=&#8220;{}&#8220;][et_pb_image src=&#8220;http:\/\/agile-augenhoehe.de\/wp-content\/uploads\/2025\/04\/AA_Logo_JH_light-yellow-claim.png&#8220; title_text=&#8220;AA_Logo_JH_light-yellow claim&#8220; url=&#8220;@ET-DC@eyJkeW5hbWljIjp0cnVlLCJjb250ZW50IjoiaG9tZV91cmwiLCJzZXR0aW5ncyI6e319@&#8220; align=&#8220;center&#8220; _builder_version=&#8220;4.27.4&#8243; _dynamic_attributes=&#8220;url&#8220; _module_preset=&#8220;default&#8220; width=&#8220;300px&#8220; global_colors_info=&#8220;{}&#8220;][\/et_pb_image][et_pb_text _builder_version=&#8220;4.27.4&#8243; _module_preset=&#8220;default&#8220; text_font=&#8220;|||on|||||&#8220; text_text_color=&#8220;#FFFFFF&#8220; text_font_size=&#8220;17px&#8220; link_text_color=&#8220;#F8E906&#8243; header_4_text_color=&#8220;#000000&#8243; text_orientation=&#8220;center&#8220; custom_margin=&#8220;||6px||false|false&#8220; locked=&#8220;off&#8220; global_colors_info=&#8220;{}&#8220;]<\/p>\n<p><strong>SOCIAL MEDIA<\/strong><\/p>\n<p>[\/et_pb_text][et_pb_icon font_icon=&#8220;&#xe0cb;||divi||400&#8243; icon_color=&#8220;#FFFFFF&#8220; icon_width=&#8220;32px&#8220; url=&#8220;https:\/\/www.linkedin.com\/in\/jens-hemersch\/&#8220; url_new_window=&#8220;on&#8220; _builder_version=&#8220;4.27.4&#8243; _module_preset=&#8220;default&#8220; custom_padding=&#8220;1px|||||&#8220; global_colors_info=&#8220;{}&#8220;][\/et_pb_icon][et_pb_text _builder_version=&#8220;4.27.4&#8243; _module_preset=&#8220;default&#8220; text_text_color=&#8220;#FFFFFF&#8220; text_font_size=&#8220;17px&#8220; link_text_color=&#8220;#F8E906&#8243; header_4_text_color=&#8220;#000000&#8243; text_orientation=&#8220;center&#8220; locked=&#8220;off&#8220; global_colors_info=&#8220;{}&#8220;]<\/p>\n<p><strong>KONTAKT<\/strong><\/p>\n<p><strong>Fon<\/strong>: +49 2597 403370-0<br \/><strong>Fax<\/strong>: +49 2597 403370-9<br \/><strong>E-Mail<\/strong>: kontakt@agile-augenhoehe.de<\/p>\n<p>[\/et_pb_text][et_pb_text _builder_version=&#8220;4.27.4&#8243; _module_preset=&#8220;default&#8220; text_text_color=&#8220;#FFFFFF&#8220; text_font_size=&#8220;15px&#8220; link_font=&#8220;||||on|||#F8E906|&#8220; link_text_color=&#8220;#F8E906&#8243; text_orientation=&#8220;center&#8220; global_colors_info=&#8220;{}&#8220;]<\/p>\n<p><a href=\"https:\/\/agile-augenhoehe.de\/impressum\">Impressum<\/a> |\u00a0<a href=\"https:\/\/agile-augenhoehe.de\/datenschutz\">Datenschutzerkl\u00e4rung<\/a><\/p>\n<p>[\/et_pb_text][\/et_pb_column][\/et_pb_row][\/et_pb_section]<\/p>\n","protected":false},"excerpt":{"rendered":"<p>&#8222;Jens hat es verstanden, eine offene und konstruktive Atmosph\u00e4re zu schaffen, in der sich alle aktiv einbringen konnten.&#8220; Frank Spliethofe | Gesch\u00e4ftsf\u00fchrer ETS GmbH &amp; Co. KGETS GmbH &amp; Co. KG Success StoryAls Spezialist f\u00fcr Erd- und Tiefbauarbeiten legen wir gro\u00dfen Wert auf eine reibungslose und pr\u00e4zise Zusammenarbeit im Team. In unserem Arbeitsumfeld sind schnelle [&hellip;]<\/p>\n","protected":false},"author":4,"featured_media":0,"parent":410,"menu_order":0,"comment_status":"closed","ping_status":"closed","template":"","meta":{"_et_pb_use_builder":"on","_et_pb_old_content":"<!-- wp:divi\/placeholder \/-->","_et_gb_content_width":"","footnotes":""},"class_list":["post-415","page","type-page","status-publish","hentry"],"yoast_head":"<!-- This site is optimized with the Yoast SEO plugin v27.4 - https:\/\/yoast.com\/product\/yoast-seo-wordpress\/ -->\n<title>ETS GmbH | Erfolg mit Agiler Strategie - AGILE AUGENH\u00d6HE\u00ae<\/title>\n<meta name=\"description\" content=\"Die ETS GmbH &amp; Co. KG st\u00e4rkte mit Jens Hemersch agile F\u00fchrung und Vertriebsprozesse. Ein Best Practice f\u00fcr Branchenunternehmen.\" \/>\n<meta name=\"robots\" content=\"index, follow, max-snippet:-1, max-image-preview:large, max-video-preview:-1\" \/>\n<link rel=\"canonical\" href=\"https:\/\/agile-augenhoehe.de\/en\/success-stories\/ets\/\" \/>\n<meta property=\"og:locale\" content=\"en_US\" \/>\n<meta property=\"og:type\" content=\"article\" \/>\n<meta property=\"og:title\" content=\"ETS GmbH | Erfolg mit Agiler Strategie - AGILE AUGENH\u00d6HE\u00ae\" \/>\n<meta property=\"og:description\" content=\"Die ETS GmbH &amp; Co. KG st\u00e4rkte mit Jens Hemersch agile F\u00fchrung und Vertriebsprozesse. Ein Best Practice f\u00fcr Branchenunternehmen.\" \/>\n<meta property=\"og:url\" content=\"https:\/\/agile-augenhoehe.de\/en\/success-stories\/ets\/\" \/>\n<meta property=\"og:site_name\" content=\"Jens Hemersch\" \/>\n<meta property=\"article:modified_time\" content=\"2025-06-04T13:59:47+00:00\" \/>\n<meta name=\"twitter:card\" content=\"summary_large_image\" \/>\n<meta name=\"twitter:label1\" content=\"Est. reading time\" \/>\n\t<meta name=\"twitter:data1\" content=\"3 minutes\" \/>\n<script type=\"application\/ld+json\" class=\"yoast-schema-graph\">{\"@context\":\"https:\\\/\\\/schema.org\",\"@graph\":[{\"@type\":\"WebPage\",\"@id\":\"https:\\\/\\\/agile-augenhoehe.de\\\/success-stories\\\/ets\\\/\",\"url\":\"https:\\\/\\\/agile-augenhoehe.de\\\/success-stories\\\/ets\\\/\",\"name\":\"ETS GmbH | Erfolg mit Agiler Strategie - AGILE AUGENH\u00d6HE\u00ae\",\"isPartOf\":{\"@id\":\"https:\\\/\\\/agile-augenhoehe.de\\\/#website\"},\"datePublished\":\"2025-03-03T10:23:09+00:00\",\"dateModified\":\"2025-06-04T13:59:47+00:00\",\"description\":\"Die ETS GmbH & Co. KG st\u00e4rkte mit Jens Hemersch agile F\u00fchrung und Vertriebsprozesse. Ein Best Practice f\u00fcr Branchenunternehmen.\",\"breadcrumb\":{\"@id\":\"https:\\\/\\\/agile-augenhoehe.de\\\/success-stories\\\/ets\\\/#breadcrumb\"},\"inLanguage\":\"en-US\",\"potentialAction\":[{\"@type\":\"ReadAction\",\"target\":[\"https:\\\/\\\/agile-augenhoehe.de\\\/success-stories\\\/ets\\\/\"]}]},{\"@type\":\"BreadcrumbList\",\"@id\":\"https:\\\/\\\/agile-augenhoehe.de\\\/success-stories\\\/ets\\\/#breadcrumb\",\"itemListElement\":[{\"@type\":\"ListItem\",\"position\":1,\"name\":\"Home\",\"item\":\"https:\\\/\\\/agile-augenhoehe.de\\\/\"},{\"@type\":\"ListItem\",\"position\":2,\"name\":\"Success Stories\",\"item\":\"https:\\\/\\\/agile-augenhoehe.de\\\/success-stories\\\/\"},{\"@type\":\"ListItem\",\"position\":3,\"name\":\"ETS\"}]},{\"@type\":\"WebSite\",\"@id\":\"https:\\\/\\\/agile-augenhoehe.de\\\/#website\",\"url\":\"https:\\\/\\\/agile-augenhoehe.de\\\/\",\"name\":\"Agile Beratung & Coaching | Jens Hemersch - AGILE AUGENH\u00d6HE\u00ae\",\"description\":\"AGILE AUGENH\u00d6HE\u00ae\",\"publisher\":{\"@id\":\"https:\\\/\\\/agile-augenhoehe.de\\\/#\\\/schema\\\/person\\\/63f80e44ae32e0b1728eac32534868db\"},\"potentialAction\":[{\"@type\":\"SearchAction\",\"target\":{\"@type\":\"EntryPoint\",\"urlTemplate\":\"https:\\\/\\\/agile-augenhoehe.de\\\/?s={search_term_string}\"},\"query-input\":{\"@type\":\"PropertyValueSpecification\",\"valueRequired\":true,\"valueName\":\"search_term_string\"}}],\"inLanguage\":\"en-US\"},{\"@type\":[\"Person\",\"Organization\"],\"@id\":\"https:\\\/\\\/agile-augenhoehe.de\\\/#\\\/schema\\\/person\\\/63f80e44ae32e0b1728eac32534868db\",\"name\":\"Jens Hemersch\",\"image\":{\"@type\":\"ImageObject\",\"inLanguage\":\"en-US\",\"@id\":\"https:\\\/\\\/agile-augenhoehe.de\\\/wp-content\\\/uploads\\\/2024\\\/03\\\/AA_Logo_JH_blue-gold.png\",\"url\":\"https:\\\/\\\/agile-augenhoehe.de\\\/wp-content\\\/uploads\\\/2024\\\/03\\\/AA_Logo_JH_blue-gold.png\",\"contentUrl\":\"https:\\\/\\\/agile-augenhoehe.de\\\/wp-content\\\/uploads\\\/2024\\\/03\\\/AA_Logo_JH_blue-gold.png\",\"width\":954,\"height\":261,\"caption\":\"Jens Hemersch\"},\"logo\":{\"@id\":\"https:\\\/\\\/agile-augenhoehe.de\\\/wp-content\\\/uploads\\\/2024\\\/03\\\/AA_Logo_JH_blue-gold.png\"},\"sameAs\":[\"http:\\\/\\\/www.agile-augenhoehe.de\",\"https:\\\/\\\/www.linkedin.com\\\/in\\\/jens-hemersch\\\/\"]}]}<\/script>\n<!-- \/ Yoast SEO plugin. -->","yoast_head_json":{"title":"ETS GmbH | Erfolg mit Agiler Strategie - AGILE AUGENH\u00d6HE\u00ae","description":"Die ETS GmbH & Co. KG st\u00e4rkte mit Jens Hemersch agile F\u00fchrung und Vertriebsprozesse. Ein Best Practice f\u00fcr Branchenunternehmen.","robots":{"index":"index","follow":"follow","max-snippet":"max-snippet:-1","max-image-preview":"max-image-preview:large","max-video-preview":"max-video-preview:-1"},"canonical":"https:\/\/agile-augenhoehe.de\/en\/success-stories\/ets\/","og_locale":"en_US","og_type":"article","og_title":"ETS GmbH | Erfolg mit Agiler Strategie - AGILE AUGENH\u00d6HE\u00ae","og_description":"Die ETS GmbH & Co. KG st\u00e4rkte mit Jens Hemersch agile F\u00fchrung und Vertriebsprozesse. Ein Best Practice f\u00fcr Branchenunternehmen.","og_url":"https:\/\/agile-augenhoehe.de\/en\/success-stories\/ets\/","og_site_name":"Jens Hemersch","article_modified_time":"2025-06-04T13:59:47+00:00","twitter_card":"summary_large_image","twitter_misc":{"Est. reading time":"3 minutes"},"schema":{"@context":"https:\/\/schema.org","@graph":[{"@type":"WebPage","@id":"https:\/\/agile-augenhoehe.de\/success-stories\/ets\/","url":"https:\/\/agile-augenhoehe.de\/success-stories\/ets\/","name":"ETS GmbH | Erfolg mit Agiler Strategie - AGILE AUGENH\u00d6HE\u00ae","isPartOf":{"@id":"https:\/\/agile-augenhoehe.de\/#website"},"datePublished":"2025-03-03T10:23:09+00:00","dateModified":"2025-06-04T13:59:47+00:00","description":"Die ETS GmbH & Co. KG st\u00e4rkte mit Jens Hemersch agile F\u00fchrung und Vertriebsprozesse. Ein Best Practice f\u00fcr Branchenunternehmen.","breadcrumb":{"@id":"https:\/\/agile-augenhoehe.de\/success-stories\/ets\/#breadcrumb"},"inLanguage":"en-US","potentialAction":[{"@type":"ReadAction","target":["https:\/\/agile-augenhoehe.de\/success-stories\/ets\/"]}]},{"@type":"BreadcrumbList","@id":"https:\/\/agile-augenhoehe.de\/success-stories\/ets\/#breadcrumb","itemListElement":[{"@type":"ListItem","position":1,"name":"Home","item":"https:\/\/agile-augenhoehe.de\/"},{"@type":"ListItem","position":2,"name":"Success Stories","item":"https:\/\/agile-augenhoehe.de\/success-stories\/"},{"@type":"ListItem","position":3,"name":"ETS"}]},{"@type":"WebSite","@id":"https:\/\/agile-augenhoehe.de\/#website","url":"https:\/\/agile-augenhoehe.de\/","name":"Agile Consulting &amp; Coaching | Jens Hemersch - AGILE EYE LEVEL\u00ae","description":"AGILE EYE LEVEL\u00ae","publisher":{"@id":"https:\/\/agile-augenhoehe.de\/#\/schema\/person\/63f80e44ae32e0b1728eac32534868db"},"potentialAction":[{"@type":"SearchAction","target":{"@type":"EntryPoint","urlTemplate":"https:\/\/agile-augenhoehe.de\/?s={search_term_string}"},"query-input":{"@type":"PropertyValueSpecification","valueRequired":true,"valueName":"search_term_string"}}],"inLanguage":"en-US"},{"@type":["Person","Organization"],"@id":"https:\/\/agile-augenhoehe.de\/#\/schema\/person\/63f80e44ae32e0b1728eac32534868db","name":"Jens Hemersch","image":{"@type":"ImageObject","inLanguage":"en-US","@id":"https:\/\/agile-augenhoehe.de\/wp-content\/uploads\/2024\/03\/AA_Logo_JH_blue-gold.png","url":"https:\/\/agile-augenhoehe.de\/wp-content\/uploads\/2024\/03\/AA_Logo_JH_blue-gold.png","contentUrl":"https:\/\/agile-augenhoehe.de\/wp-content\/uploads\/2024\/03\/AA_Logo_JH_blue-gold.png","width":954,"height":261,"caption":"Jens Hemersch"},"logo":{"@id":"https:\/\/agile-augenhoehe.de\/wp-content\/uploads\/2024\/03\/AA_Logo_JH_blue-gold.png"},"sameAs":["http:\/\/www.agile-augenhoehe.de","https:\/\/www.linkedin.com\/in\/jens-hemersch\/"]}]}},"_links":{"self":[{"href":"https:\/\/agile-augenhoehe.de\/en\/wp-json\/wp\/v2\/pages\/415","targetHints":{"allow":["GET"]}}],"collection":[{"href":"https:\/\/agile-augenhoehe.de\/en\/wp-json\/wp\/v2\/pages"}],"about":[{"href":"https:\/\/agile-augenhoehe.de\/en\/wp-json\/wp\/v2\/types\/page"}],"author":[{"embeddable":true,"href":"https:\/\/agile-augenhoehe.de\/en\/wp-json\/wp\/v2\/users\/4"}],"replies":[{"embeddable":true,"href":"https:\/\/agile-augenhoehe.de\/en\/wp-json\/wp\/v2\/comments?post=415"}],"version-history":[{"count":17,"href":"https:\/\/agile-augenhoehe.de\/en\/wp-json\/wp\/v2\/pages\/415\/revisions"}],"predecessor-version":[{"id":2106,"href":"https:\/\/agile-augenhoehe.de\/en\/wp-json\/wp\/v2\/pages\/415\/revisions\/2106"}],"up":[{"embeddable":true,"href":"https:\/\/agile-augenhoehe.de\/en\/wp-json\/wp\/v2\/pages\/410"}],"wp:attachment":[{"href":"https:\/\/agile-augenhoehe.de\/en\/wp-json\/wp\/v2\/media?parent=415"}],"curies":[{"name":"wp","href":"https:\/\/api.w.org\/{rel}","templated":true}]}}